{"id":873,"date":"2020-08-20T21:05:54","date_gmt":"2020-08-20T21:05:54","guid":{"rendered":"http:\/\/veragen.com.ar\/ar\/?page_id=873"},"modified":"2020-09-06T23:55:56","modified_gmt":"2020-09-06T23:55:56","slug":"acerca-del-test-pacientes","status":"publish","type":"page","link":"http:\/\/veragen.com.ar\/ar\/acerca-del-test-pacientes\/","title":{"rendered":"Acerca del Test &#8211; Pacientes"},"content":{"rendered":"<p><div class=\"fusion-bg-parallax\" data-bg-align=\"center center\" data-direction=\"up\" data-mute=\"false\" data-opacity=\"100\" data-velocity=\"-0.4\" data-mobile-enabled=\"false\" data-break_parents=\"0\" data-bg-image=\"http:\/\/veragen.com.ar\/ar\/wp-content\/uploads\/2020\/08\/PACIENTES-acerca.jpg\" data-bg-repeat=\"false\" ><\/div><div class=\"fusion-fullwidth fullwidth-box fusion-builder-row-1 fusion-parallax-up nonhundred-percent-fullwidth non-hundred-percent-height-scrolling\" style=\"background-color: rgba(255,255,255,0);background-image: url(&quot;http:\/\/veragen.com.ar\/ar\/wp-content\/uploads\/2020\/08\/PACIENTES-acerca.jpg&quot;);background-position: center center;background-repeat: no-repeat;padding-top:14%;padding-right:5%;padding-bottom:14%;padding-left:5%;margin-bottom: 0px;margin-top: 0px;border-width: 0px 0px 0px 0px;border-color:#eae9e9;border-style:solid;-webkit-background-size:cover;-moz-background-size:cover;-o-background-size:cover;background-size:cover;\" ><div class=\"fusion-builder-row fusion-row\"><div class=\"fusion-layout-column fusion_builder_column fusion-builder-column-0 fusion_builder_column_1_6 1_6 fusion-one-sixth fusion-column-first\" style=\"width:16.666666666667%;width:calc(16.666666666667% - ( ( 4% + 4% ) * 0.16666666666667 ) );margin-right: 4%;margin-top:0px;margin-bottom:30px;\"><div class=\"fusion-column-wrapper fusion-flex-column-wrapper-legacy\" style=\"background-position:left top;background-repeat:no-repeat;-webkit-background-size:cover;-moz-background-size:cover;-o-background-size:cover;background-size:cover;padding: 0px 0px 0px 0px;\"><div class=\"fusion-clearfix\"><\/div><\/div><\/div><div class=\"fusion-layout-column fusion_builder_column fusion-builder-column-1 fusion_builder_column_2_3 2_3 fusion-two-third\" style=\"width:66.666666666667%;width:calc(66.666666666667% - ( ( 4% + 4% ) * 0.66666666666667 ) );margin-right: 4%;margin-top:0px;margin-bottom:30px;\"><div class=\"fusion-column-wrapper fusion-flex-column-wrapper-legacy\" style=\"background-position:left top;background-repeat:no-repeat;-webkit-background-size:cover;-moz-background-size:cover;-o-background-size:cover;background-size:cover;padding: 0px 0px 0px 0px;\"><style type=\"text\/css\"><\/style><div class=\"fusion-title title fusion-title-1 fusion-sep-none fusion-title-center fusion-title-text fusion-title-size-two\" style=\"margin-top:50px;margin-bottom:30px;\"><h2 class=\"title-heading-center\" style=\"margin:0;color:#ffffff;\">Acerca del Test<\/h2><\/div><div class=\"fusion-clearfix\"><\/div><\/div><\/div><div class=\"fusion-layout-column fusion_builder_column fusion-builder-column-2 fusion_builder_column_1_6 1_6 fusion-one-sixth fusion-column-last\" style=\"width:16.666666666667%;width:calc(16.666666666667% - ( ( 4% + 4% ) * 0.16666666666667 ) );margin-top:0px;margin-bottom:30px;\"><div class=\"fusion-column-wrapper fusion-flex-column-wrapper-legacy\" style=\"background-position:left top;background-repeat:no-repeat;-webkit-background-size:cover;-moz-background-size:cover;-o-background-size:cover;background-size:cover;padding: 0px 0px 0px 0px;\"><div class=\"fusion-clearfix\"><\/div><\/div><\/div><\/div><\/div><div class=\"fusion-fullwidth fullwidth-box fusion-builder-row-2 fusion-flex-container nonhundred-percent-fullwidth non-hundred-percent-height-scrolling\" style=\"background-color: rgba(255,255,255,0);background-position: left top;background-repeat: no-repeat;border-width: 0px 0px 0px 0px;border-color:#eae9e9;border-style:solid;\" ><div class=\"fusion-builder-row fusion-row fusion-flex-align-items-stretch\" style=\"max-width:1216.8px;margin-left: calc(-4% \/ 2 );margin-right: calc(-4% \/ 2 );\"><div class=\"fusion-layout-column fusion_builder_column fusion-builder-column-3 fusion_builder_column_2_3 2_3 fusion-flex-column\"><div class=\"fusion-column-wrapper fusion-flex-justify-content-flex-start fusion-content-layout-column\" style=\"background-position:left top;background-repeat:no-repeat;-webkit-background-size:cover;-moz-background-size:cover;-o-background-size:cover;background-size:cover;background-color:#ffffff;border-width: 1px 1px 1px 1px;border-color:#dddddd;border-style:solid;padding: 40px 40px 40px 40px;\"><div class=\"fusion-menu-anchor\" id=\"1\"><\/div><style type=\"text\/css\">@media only screen and (max-width:1024px) {.fusion-title.fusion-title-2{margin-top:0px!important;margin-bottom:30px!important;}}<\/style><div class=\"fusion-title title fusion-title-2 fusion-sep-none fusion-title-text fusion-title-size-three\" style=\"margin-top:0px;margin-bottom:30px;\"><h3 class=\"title-heading-left\" style=\"font-family:&quot;Source Sans Pro&quot;;font-weight:400;margin:0;\">\u00bfQu\u00e9 es un Test de ADN Libre en Sangre Materna (cffDNA)?<\/h3><\/div><div class=\"fusion-text fusion-text-1\"><p>Analizando el ADN libre que circula en la sangre materna se puede obtener en forma <strong>segura, sencilla y confiable<\/strong> valiosa informaci\u00f3n acerca de la salud del beb\u00e9 por nacer. Hasta hace unos a\u00f1os, la \u00fanica manera de obtener esta informaci\u00f3n era mediante t\u00e9cnicas invasivas como la biopsia de vellosidades coriales y\/o amniocentesis que, aunque aceptables, conllevan siempre alg\u00fan riesgo para el embarazo.<\/p>\n<p><strong>El test de ADN libre en sangre materna <\/strong>es seguro, ya que <strong>no invade el entorno uterino<\/strong>, y la toma de la muestra de sangre materna se realiza de forma similar a la de cualquier an\u00e1lisis de rutina. Se puede realizar <strong>a partir de la semana 10<\/strong> <strong>de gestaci\u00f3n<\/strong> anticip\u00e1ndose a todos los dem\u00e1s estudios prenatales y con una <strong>tasa de detecci\u00f3n superior al 99%.<\/strong><\/p>\n<p>Puede realizarse tanto en<strong> embarazos simples como m\u00faltiples, monocoriales o bicoriales, y en pacientes con embriones provenientes de ovodonaci\u00f3n.<\/strong><\/p>\n<p>La muestra es enviada al <strong>Laboratorio Illumina en EEUU<\/strong>, y los resultados <strong>disponibles en un <\/strong><strong>plazo de entre 7 y 10 d\u00edas luego de realizada la extracci\u00f3n<\/strong>. La informaci\u00f3n es recibida y entregada a la paciente.<\/p>\n<\/div><div class=\"fusion-separator fusion-full-width-sep\" style=\"align-self: center;margin-left: auto;margin-right: auto;margin-top:30px;width:100%;\"><\/div><div class=\"fusion-menu-anchor\" id=\"2\"><\/div><style type=\"text\/css\">@media only screen and (max-width:1024px) {.fusion-title.fusion-title-3{margin-top:0px!important;margin-bottom:30px!important;}}<\/style><div class=\"fusion-title title fusion-title-3 fusion-sep-none fusion-title-text fusion-title-size-three\" style=\"margin-top:0px;margin-bottom:30px;\"><h3 class=\"title-heading-left\" style=\"font-family:&quot;Source Sans Pro&quot;;font-weight:400;margin:0;\">\u00bfQu\u00e9 informaci\u00f3n me brinda este estudio?<\/h3><\/div><div class=\"fusion-text fusion-text-2\"><p>El <strong>test de ADN libre en sangre materna <\/strong>tuvo como objetivo inicial el de descartar las <strong>principales y m\u00e1s frecuentes <\/strong><strong>condiciones cromos\u00f3mica<\/strong><strong>s<\/strong> responsables de los s\u00edndromes de Down, Edwards y Patau, como as\u00ed tambi\u00e9n las anomal\u00edas de los cromosomas sexuales <strong>e informar el sexo fetal.<\/strong><\/p>\n<p>M\u00e1s adelante, los avances de la tecnolog\u00eda posibilitaron ampliar la identificaci\u00f3n de estas alteraciones en <strong>todos los cromosomas<\/strong> y hoy es posible descartar <strong>TODAS las trisom\u00edas<\/strong>, independientemente de su prevalencia.<em>\u00a0<\/em><\/p>\n<p>Existen otras formas en las que pueden verse afectados los cromosomas responsables de distintos s\u00edndromes igualmente severos. <strong>Las microdeleciones <\/strong><strong>(micro=peque\u00f1o \/ deleci\u00f3n=ausencia)<\/strong><strong>, se definen por la <\/strong><strong>falta de peque\u00f1as <\/strong><strong>porciones de <\/strong><strong>informaci\u00f3n gen\u00e9tica en <\/strong><strong>en sitios espec\u00edficos.<\/strong><\/p>\n<p>Mediante una lectura m\u00e1s profunda sobre la misma muestra de sangre, se pueden pesquisar en forma adicional a las trisom\u00edas, <strong>6 s\u00edndromes cl\u00ednicos de relevancia<\/strong> provenientes de microdeleciones.<\/p>\n<p>Se pueden pesquisar anomal\u00edas cromos\u00f3micas precozmente o en el contexto de un marcador ecogr\u00e1fico sospechoso, en general tienen <strong>manifestaciones diversas en el desarrollo estructural y\/o intelectual del feto o pueden estar asociadas a interrupciones espont\u00e1neas del embarazo<\/strong>.<\/p>\n<p>Algunas afecciones se presentan \u201c<strong>de novo\u201d<\/strong><strong>, independientemente de la edad materna y\/o sus antecedentes<\/strong>.<\/p>\n<\/div><div class=\"fusion-separator fusion-full-width-sep\" style=\"align-self: center;margin-left: auto;margin-right: auto;margin-top:30px;width:100%;\"><\/div><div class=\"fusion-menu-anchor\" id=\"3\"><\/div><style type=\"text\/css\">@media only screen and (max-width:1024px) {.fusion-title.fusion-title-4{margin-top:0px!important;margin-bottom:30px!important;}}<\/style><div class=\"fusion-title title fusion-title-4 fusion-sep-none fusion-title-text fusion-title-size-three\" style=\"margin-top:0px;margin-bottom:30px;\"><h3 class=\"title-heading-left\" style=\"font-family:&quot;Source Sans Pro&quot;;font-weight:400;margin:0;\">Ya recib\u00ed toda la informaci\u00f3n \u00bfComo procedo para realizar el estudio?<\/h3><\/div><div class=\"fusion-text fusion-text-3\"><p>Previo a la extracci\u00f3n de sangre siempre se coordina una <strong>entrevista con un profesional del equipo de Veragen.<\/strong><\/p>\n<p>Durante la consulta podr\u00e1s <strong>evacuar todas tus dudas,<\/strong> <strong>realizaremos\u00a0una ecograf\u00eda de control para ponderar la actividad embrionaria<\/strong> <strong>en ese momento y certificar que las semanas necesarias para realizar el estudio sean las correctas.<\/strong><\/p>\n<p>Se completa la <strong>documentaci\u00f3n<\/strong> que acompa\u00f1a la muestra para luego proceder a la <strong>extracci\u00f3n<\/strong>.<\/p>\n<p><strong>Todo el procedimiento est\u00e1 incluido dentro del valor del estudio<\/strong> y se programa para el mismo d\u00eda. En caso de necesitar realizar una entrevista informativa previa m\u00e1s extensa, la misma puede solicitarse sin compromiso ni costo alguno.<\/p>\n<p>En caso de que el test detectara alguna de las condiciones investigadas y fuera necesario efectuar un <strong>estudio invasivo de confirmaci\u00f3n (Biopsia de Vellosidades Cori\u00f3nicas o Amniocentesis),<\/strong><strong> el mismo correo por cuenta y cargo de Veragen<\/strong>.<\/p>\n<p><strong>No hay demoras con los turnos<\/strong>, no dejes de realizar tu consulta a trav\u00e9s de cualquiera de nuestros canales de contacto, te esperamos!<\/p>\n<\/div><div style=\"text-align:center;\"><span class=\" fusion-imageframe imageframe-none imageframe-1 hover-type-none\"><img width=\"600\" image_height=\"350\" image_id=\"1047\" alt=\"Resultados en 7 a 10 d\u00edas\" title=\"Resultados en 7 a 10 d\u00edas\" src=\"http:\/\/veragen.com.ar\/ar\/wp-content\/uploads\/2020\/08\/imagen-1-600x350.png\" class=\"img-responsive wp-image-1047\" srcset=\"http:\/\/veragen.com.ar\/ar\/wp-content\/uploads\/2020\/08\/imagen-1-200x117.png 200w, http:\/\/veragen.com.ar\/ar\/wp-content\/uploads\/2020\/08\/imagen-1-400x233.png 400w, http:\/\/veragen.com.ar\/ar\/wp-content\/uploads\/2020\/08\/imagen-1-600x350.png 600w, http:\/\/veragen.com.ar\/ar\/wp-content\/uploads\/2020\/08\/imagen-1-800x467.png 800w, http:\/\/veragen.com.ar\/ar\/wp-content\/uploads\/2020\/08\/imagen-1-1200x700.png 1200w\" sizes=\"(max-width: 1024px) 100vw, (max-width: 640px) 100vw, 800px\" \/><\/span><\/div><div class=\"fusion-separator fusion-full-width-sep\" style=\"align-self: center;margin-left: auto;margin-right: auto;margin-top:30px;width:100%;\"><\/div><\/div><\/div><style type=\"text\/css\">.fusion-body .fusion-builder-column-3{width:66.666666666667% !important;margin-top : 0px;margin-bottom : 30px;}.fusion-builder-column-3 > .fusion-column-wrapper {padding-top : 40px !important;padding-right : 40px !important;margin-right : 3.84%;padding-bottom : 40px !important;padding-left : 40px !important;margin-left : 2.88%;}@media only screen and (max-width:1024px) {.fusion-body .fusion-builder-column-3{width:100% !important;}.fusion-builder-column-3 > .fusion-column-wrapper {margin-right : 1.92%;margin-left : 1.92%;}}@media only screen and (max-width:640px) {.fusion-body .fusion-builder-column-3{width:100% !important;}.fusion-builder-column-3 > .fusion-column-wrapper {margin-right : 1.92%;margin-left : 1.92%;}}<\/style><div class=\"fusion-layout-column fusion_builder_column fusion-builder-column-4 fusion_builder_column_1_3 1_3 fusion-flex-column\"><div class=\"fusion-column-wrapper fusion-flex-justify-content-flex-start fusion-content-layout-column\" style=\"background-position:left top;background-repeat:no-repeat;-webkit-background-size:cover;-moz-background-size:cover;-o-background-size:cover;background-size:cover;background-color:#ffffff;border-width: 1px 1px 1px 1px;border-color:#dddddd;border-style:solid;padding: 40px 30px 30px 30px;\"><style type=\"text\/css\">@media only screen and (max-width:1024px) {.fusion-title.fusion-title-5{margin-top:0px!important;margin-bottom:0px!important;}}<\/style><div class=\"fusion-title title fusion-title-5 fusion-sep-none fusion-title-center fusion-title-text fusion-title-size-three\" style=\"margin-top:0px;margin-bottom:0px;\"><h3 class=\"title-heading-center\" style=\"font-family:&quot;Source Sans Pro&quot;;font-weight:400;margin:0;\"><div class=\"fusion-title title fusion-title-8 fusion-sep-none fusion-title-center fusion-title-text fusion-title-size-two fusion-border-below-title\">\n<p class=\"title-heading-center\">DEJANOS TU CONSULTA<\/p>\n\n<\/div><\/h3><\/div><div class=\"fusion-text fusion-text-4\"><p style=\"text-align: center;\"><strong>No hay demoras con los turnos<\/strong>, no dejes de realizar tu consulta a trav\u00e9s de cualquiera de nuestros canales de contacto, te esperamos!<\/p>\n<\/div><div class=\"fusion-separator fusion-full-width-sep\" style=\"align-self: center;margin-left: auto;margin-right: auto;margin-top:0px;margin-bottom:30px;width:100%;max-width:100%;\"><div class=\"fusion-separator-border sep-single sep-solid\" style=\"border-color:#c2ca20;border-top-width:2px;\"><\/div><\/div><style type=\"text\/css\">@media only screen and (max-width:1024px) {.fusion-title.fusion-title-6{margin-top:0px!important;margin-bottom:0px!important;}}<\/style><div class=\"fusion-title title fusion-title-6 fusion-sep-none fusion-title-text fusion-title-size-three\" style=\"margin-top:0px;margin-bottom:0px;\"><h3 class=\"title-heading-left\" style=\"margin:0;\"><p style=\"text-align: center;\"><i class=\"fa fa-phone\"><\/i> <a href=\"tel:+541147818138\" onclick=\"gtag('event', 'send', {'event_category': 'telefono', 'event_label': 'Etiqueta'});\">+54 11 4781 8138<\/a><\/p><\/h3><\/div><style type=\"text\/css\">@media only screen and (max-width:1024px) {.fusion-title.fusion-title-7{margin-top:0px!important;margin-bottom:0px!important;}}<\/style><div class=\"fusion-title title fusion-title-7 fusion-sep-none fusion-title-text fusion-title-size-three\" style=\"margin-top:0px;margin-bottom:0px;\"><h3 class=\"title-heading-left\" style=\"margin:0;\"><p style=\"text-align: center;\"><i class=\"fa fa-whatsapp\"><\/i> \u00a0<a href=\"https:\/\/wa.me\/5491162182789?text=Consulto%20desde%20el%20sitio%20de%20Veragen%20\" onclick=\"gtag('event', 'send', {'event_category': 'whatsapp', 'event_label': 'Etiqueta'});\">+ 54 9 11 6218 2789<\/a><\/p><\/h3><\/div><div class=\"fusion-separator fusion-full-width-sep\" style=\"align-self: center;margin-left: auto;margin-right: auto;margin-top:30px;width:100%;\"><\/div><div class=\"fusion-separator fusion-full-width-sep\" style=\"align-self: center;margin-left: auto;margin-right: auto;margin-top:0px;margin-bottom:30px;width:100%;max-width:100%;\"><div class=\"fusion-separator-border sep-single sep-solid\" style=\"border-color:#c2ca20;border-top-width:2px;\"><\/div><\/div><div role=\"form\" class=\"wpcf7\" id=\"wpcf7-f6-o1\" lang=\"es-ES\" dir=\"ltr\">\n<div class=\"screen-reader-response\" role=\"alert\" aria-live=\"polite\"><\/div>\n<form action=\"\/ar\/wp-json\/wp\/v2\/pages\/873#wpcf7-f6-o1\" method=\"post\" class=\"wpcf7-form init\" novalidate=\"novalidate\">\n<div style=\"display: none;\">\n<input type=\"hidden\" name=\"_wpcf7\" value=\"6\" \/>\n<input type=\"hidden\" name=\"_wpcf7_version\" value=\"5.2.1\" \/>\n<input type=\"hidden\" name=\"_wpcf7_locale\" value=\"es_ES\" \/>\n<input type=\"hidden\" name=\"_wpcf7_unit_tag\" value=\"wpcf7-f6-o1\" \/>\n<input type=\"hidden\" name=\"_wpcf7_container_post\" value=\"0\" \/>\n<input type=\"hidden\" name=\"_wpcf7_posted_data_hash\" value=\"\" \/>\n<input type=\"hidden\" name=\"_wpcf7_recaptcha_response\" value=\"\" \/>\n<\/div>\n<p><label> Tu nombre (obligatorio)<br \/>\n    <span class=\"wpcf7-form-control-wrap your-name\"><input type=\"text\" name=\"your-name\" value=\"\" size=\"40\" class=\"wpcf7-form-control wpcf7-text wpcf7-validates-as-required\" aria-required=\"true\" aria-invalid=\"false\" \/><\/span> <\/label><\/p>\n<p><label> Tu correo electr\u00f3nico (obligatorio)<br \/>\n    <span class=\"wpcf7-form-control-wrap your-email\"><input type=\"email\" name=\"your-email\" value=\"\" size=\"40\" class=\"wpcf7-form-control wpcf7-text wpcf7-email wpcf7-validates-as-required wpcf7-validates-as-email\" aria-required=\"true\" aria-invalid=\"false\" \/><\/span> <\/label><\/p>\n<p><label> Asunto<br \/>\n    <span class=\"wpcf7-form-control-wrap your-subject\"><input type=\"text\" name=\"your-subject\" value=\"\" size=\"40\" class=\"wpcf7-form-control wpcf7-text\" aria-invalid=\"false\" \/><\/span> <\/label><\/p>\n<p><label> Tu mensaje<br \/>\n    <span class=\"wpcf7-form-control-wrap your-message\"><textarea name=\"your-message\" cols=\"40\" rows=\"10\" class=\"wpcf7-form-control wpcf7-textarea\" aria-invalid=\"false\"><\/textarea><\/span> <\/label><\/p>\n\n<p><span id=\"wpcf7-69e4da3249bf3-wrapper\" class=\"wpcf7-form-control-wrap honeypot-trap-wrap\" style=\"display:none !important; visibility:hidden !important;\"><input type=\"hidden\" name=\"honeypot-trap-time-start\" value=\"1776605746\"><input type=\"hidden\" name=\"honeypot-trap-time-check\" value=\"10\"><label for=\"wpcf7-69e4da3249bf3-field\" class=\"hp-message\">Por favor, deja este campo vac\u00edo.<\/label><input id=\"wpcf7-69e4da3249bf3-field\"  class=\"wpcf7-form-control wpcf7-text\" type=\"text\" name=\"honeypot-trap\" value=\"\" size=\"40\" tabindex=\"-1\" autocomplete=\"new-password\" \/><\/span><\/p>\n<p><input type=\"submit\" value=\"Enviar\" class=\"wpcf7-form-control wpcf7-submit\" \/><\/p>\n<div class=\"fusion-alert alert custom alert-custom fusion-alert-center wpcf7-response-output fusion-alert-capitalize alert-dismissable\" style=\"border-width:1px;\"><button type=\"button\" class=\"close toggle-alert\" data-dismiss=\"alert\" aria-hidden=\"true\">&times;<\/button><div class=\"fusion-alert-content-wrapper\"><span class=\"fusion-alert-content\"><\/span><\/div><\/div><\/form><\/div><div class=\"fusion-separator fusion-full-width-sep\" style=\"align-self: center;margin-left: auto;margin-right: auto;margin-top:30px;width:100%;\"><\/div><div class=\"fusion-separator fusion-full-width-sep\" style=\"align-self: center;margin-left: auto;margin-right: auto;margin-top:0px;margin-bottom:30px;width:100%;max-width:100%;\"><div class=\"fusion-separator-border sep-single sep-solid\" style=\"border-color:#c2ca20;border-top-width:2px;\"><\/div><\/div><style type=\"text\/css\">@media only screen and (max-width:1024px) {.fusion-title.fusion-title-8{margin-top:0px!important;margin-bottom:10px!important;}}<\/style><div class=\"fusion-title title fusion-title-8 fusion-sep-none fusion-title-center fusion-title-text fusion-title-size-four\" style=\"margin-top:0px;margin-bottom:10px;\"><h4 class=\"title-heading-center\" style=\"font-family:&quot;Source Sans Pro&quot;;font-weight:400;margin:0;\"><div class=\"fusion-title title fusion-title-8 fusion-sep-none fusion-title-center fusion-title-text fusion-title-size-two fusion-border-below-title\">\n<p class=\"title-heading-center\">\u00bfCUALES SON TUS OPCIONES EN PRUEBAS PRENATALES?<\/p>\n\n<\/div><\/h4><\/div><div class=\"fusion-video fusion-youtube\" style=\"max-width:600px;max-height:360px;\"><div class=\"video-shortcode\"><iframe title=\"YouTube video player\" src=\"https:\/\/www.youtube.com\/embed\/etj-b9jdjSk?wmode=transparent&autoplay=0&amp;rel=0\" width=\"600\" height=\"360\" allowfullscreen allow=\"autoplay; fullscreen\"><\/iframe><\/div><\/div><div class=\"fusion-separator fusion-full-width-sep\" style=\"align-self: center;margin-left: auto;margin-right: auto;margin-top:30px;width:100%;\"><\/div><div class=\"fusion-video fusion-youtube\" style=\"max-width:600px;max-height:360px;\"><div class=\"video-shortcode\"><iframe title=\"YouTube video player\" src=\"https:\/\/www.youtube.com\/embed\/s9-JHIn7EG8?wmode=transparent&autoplay=0&amp;rel=0\" width=\"600\" height=\"360\" allowfullscreen allow=\"autoplay; fullscreen\"><\/iframe><\/div><\/div><div class=\"fusion-separator fusion-full-width-sep\" style=\"align-self: center;margin-left: auto;margin-right: auto;margin-top:30px;width:100%;\"><\/div><div class=\"fusion-video fusion-youtube\" style=\"max-width:600px;max-height:360px;\"><div class=\"video-shortcode\"><iframe title=\"YouTube video player\" src=\"https:\/\/www.youtube.com\/embed\/JNtrmQLTG7s?wmode=transparent&autoplay=0&amp;rel=0\" width=\"600\" height=\"360\" allowfullscreen allow=\"autoplay; fullscreen\"><\/iframe><\/div><\/div><div class=\"fusion-separator fusion-full-width-sep\" style=\"align-self: center;margin-left: auto;margin-right: auto;margin-top:30px;width:100%;\"><\/div><div class=\"fusion-video fusion-youtube\" style=\"max-width:600px;max-height:360px;\"><div class=\"video-shortcode\"><iframe title=\"YouTube video player\" src=\"https:\/\/www.youtube.com\/embed\/LKywA_qFPvE?wmode=transparent&autoplay=0&amp;rel=0\" width=\"600\" height=\"360\" allowfullscreen allow=\"autoplay; fullscreen\"><\/iframe><\/div><\/div><\/div><\/div><style type=\"text\/css\">.fusion-body .fusion-builder-column-4{width:33.333333333333% !important;margin-top : 0px;margin-bottom : 30px;}.fusion-builder-column-4 > .fusion-column-wrapper {padding-top : 40px !important;padding-right : 30px !important;margin-right : 5.76%;padding-bottom : 30px !important;padding-left : 30px !important;margin-left : 3.84%;}@media only screen and (max-width:1024px) {.fusion-body .fusion-builder-column-4{width:100% !important;order : 0;}.fusion-builder-column-4 > .fusion-column-wrapper {margin-right : 1.92%;margin-left : 1.92%;}}@media only screen and (max-width:640px) {.fusion-body .fusion-builder-column-4{width:100% !important;order : 0;}.fusion-builder-column-4 > .fusion-column-wrapper {margin-right : 1.92%;margin-left : 1.92%;}}<\/style><\/div><style type=\"text\/css\">.fusion-body .fusion-flex-container.fusion-builder-row-2{ padding-top : 60px;margin-top : 0px;padding-right : 0px;padding-bottom : 100px;margin-bottom : 0px;padding-left : 0px;}<\/style><\/div><\/p>\n","protected":false},"excerpt":{"rendered":"","protected":false},"author":1,"featured_media":0,"parent":0,"menu_order":0,"comment_status":"closed","ping_status":"closed","template":"100-width.php","meta":[],"yoast_head":"<!-- This site is optimized with the Yoast SEO plugin v14.8 - https:\/\/yoast.com\/wordpress\/plugins\/seo\/ -->\n<title>Acerca del Test - Pacientes - Veragen<\/title>\n<meta name=\"robots\" content=\"index, follow\" \/>\n<meta name=\"googlebot\" content=\"index, follow, max-snippet:-1, max-image-preview:large, max-video-preview:-1\" \/>\n<meta name=\"bingbot\" content=\"index, follow, max-snippet:-1, max-image-preview:large, max-video-preview:-1\" \/>\n<link rel=\"canonical\" href=\"http:\/\/veragen.com.ar\/ar\/acerca-del-test-pacientes\/\" \/>\n<meta property=\"og:locale\" content=\"es_ES\" \/>\n<meta property=\"og:type\" content=\"article\" \/>\n<meta property=\"og:title\" content=\"Acerca del Test - Pacientes - Veragen\" \/>\n<meta property=\"og:url\" content=\"http:\/\/veragen.com.ar\/ar\/acerca-del-test-pacientes\/\" \/>\n<meta property=\"og:site_name\" content=\"Veragen\" \/>\n<meta property=\"article:modified_time\" content=\"2020-09-06T23:55:56+00:00\" \/>\n<meta name=\"twitter:card\" content=\"summary_large_image\" \/>\n<script type=\"application\/ld+json\" class=\"yoast-schema-graph\">{\"@context\":\"https:\/\/schema.org\",\"@graph\":[{\"@type\":\"WebSite\",\"@id\":\"http:\/\/veragen.com.ar\/ar\/#website\",\"url\":\"http:\/\/veragen.com.ar\/ar\/\",\"name\":\"Veragen\",\"description\":\"Test Prenatal No Invasivo de ADN en Sangre Materna\",\"potentialAction\":[{\"@type\":\"SearchAction\",\"target\":\"http:\/\/veragen.com.ar\/ar\/?s={search_term_string}\",\"query-input\":\"required name=search_term_string\"}],\"inLanguage\":\"es\"},{\"@type\":\"WebPage\",\"@id\":\"http:\/\/veragen.com.ar\/ar\/acerca-del-test-pacientes\/#webpage\",\"url\":\"http:\/\/veragen.com.ar\/ar\/acerca-del-test-pacientes\/\",\"name\":\"Acerca del Test - Pacientes - Veragen\",\"isPartOf\":{\"@id\":\"http:\/\/veragen.com.ar\/ar\/#website\"},\"datePublished\":\"2020-08-20T21:05:54+00:00\",\"dateModified\":\"2020-09-06T23:55:56+00:00\",\"inLanguage\":\"es\",\"potentialAction\":[{\"@type\":\"ReadAction\",\"target\":[\"http:\/\/veragen.com.ar\/ar\/acerca-del-test-pacientes\/\"]}]}]}<\/script>\n<!-- \/ Yoast SEO plugin. -->","_links":{"self":[{"href":"http:\/\/veragen.com.ar\/ar\/wp-json\/wp\/v2\/pages\/873"}],"collection":[{"href":"http:\/\/veragen.com.ar\/ar\/wp-json\/wp\/v2\/pages"}],"about":[{"href":"http:\/\/veragen.com.ar\/ar\/wp-json\/wp\/v2\/types\/page"}],"author":[{"embeddable":true,"href":"http:\/\/veragen.com.ar\/ar\/wp-json\/wp\/v2\/users\/1"}],"replies":[{"embeddable":true,"href":"http:\/\/veragen.com.ar\/ar\/wp-json\/wp\/v2\/comments?post=873"}],"version-history":[{"count":13,"href":"http:\/\/veragen.com.ar\/ar\/wp-json\/wp\/v2\/pages\/873\/revisions"}],"predecessor-version":[{"id":958,"href":"http:\/\/veragen.com.ar\/ar\/wp-json\/wp\/v2\/pages\/873\/revisions\/958"}],"wp:attachment":[{"href":"http:\/\/veragen.com.ar\/ar\/wp-json\/wp\/v2\/media?parent=873"}],"curies":[{"name":"wp","href":"https:\/\/api.w.org\/{rel}","templated":true}]}}